


{"id":5,"date":"2021-08-25T00:21:17","date_gmt":"2021-08-25T00:21:17","guid":{"rendered":"https:\/\/aeromedicina.ar\/?page_id=5"},"modified":"2023-05-11T21:11:52","modified_gmt":"2023-05-12T00:11:52","slug":"crea-tu-web-con-bloques","status":"publish","type":"page","link":"https:\/\/aeromedicina.ar\/","title":{"rendered":"AeroMedicina"},"content":{"rendered":"\n<div style=\"height:100px\" aria-hidden=\"true\" class=\"wp-block-spacer\"><\/div>\n\n\n\n<div class=\"wp-block-cover alignfull is-style-twentytwentyone-border\" style=\"min-height:450px\"><span aria-hidden=\"true\" class=\"wp-block-cover__background has-background-dim-0 has-background-dim\"><\/span><img decoding=\"async\" loading=\"lazy\" width=\"1908\" height=\"851\" class=\"wp-block-cover__image-background wp-image-171\" alt=\"\" src=\"https:\/\/aeromedicina.ar\/wp-content\/uploads\/2022\/09\/piloto1.png\" style=\"object-position:50% 57%\" data-object-fit=\"cover\" data-object-position=\"50% 57%\" srcset=\"https:\/\/aeromedicina.ar\/wp-content\/uploads\/2022\/09\/piloto1.png 1908w, https:\/\/aeromedicina.ar\/wp-content\/uploads\/2022\/09\/piloto1-300x134.png 300w, https:\/\/aeromedicina.ar\/wp-content\/uploads\/2022\/09\/piloto1-1024x457.png 1024w, https:\/\/aeromedicina.ar\/wp-content\/uploads\/2022\/09\/piloto1-768x343.png 768w, https:\/\/aeromedicina.ar\/wp-content\/uploads\/2022\/09\/piloto1-1536x685.png 1536w, https:\/\/aeromedicina.ar\/wp-content\/uploads\/2022\/09\/piloto1-1568x699.png 1568w\" sizes=\"(max-width: 1908px) 100vw, 1908px\" \/><div class=\"wp-block-cover__inner-container\">\n<h2 class=\"wp-block-heading has-text-align-center\">Tu salud tambien es la seguridad de los viajeros<\/h2>\n<\/div><\/div>\n\n\n\n<p>\u00abConfiar en nuestro equipo de expertos en medicina aeron\u00e1utica, es mantener tu certificaci\u00f3n sin riesgos. Descubre un consultorio que entiende las necesidades \u00fanicas de los profesionales de la aviaci\u00f3n.\u00bb<\/p>\n\n\n\n<div class=\"wp-block-cover alignfull is-light is-style-twentytwentyone-border\" style=\"min-height:450px\"><span aria-hidden=\"true\" class=\"wp-block-cover__background has-background-dim-0 has-background-dim\"><\/span><img decoding=\"async\" loading=\"lazy\" width=\"1500\" height=\"1000\" class=\"wp-block-cover__image-background wp-image-50\" alt=\"\" src=\"https:\/\/aeromedicina.ar\/wp-content\/uploads\/2021\/08\/IMG_4551.jpg\" data-object-fit=\"cover\" srcset=\"https:\/\/aeromedicina.ar\/wp-content\/uploads\/2021\/08\/IMG_4551.jpg 1500w, https:\/\/aeromedicina.ar\/wp-content\/uploads\/2021\/08\/IMG_4551-300x200.jpg 300w, https:\/\/aeromedicina.ar\/wp-content\/uploads\/2021\/08\/IMG_4551-1024x683.jpg 1024w, https:\/\/aeromedicina.ar\/wp-content\/uploads\/2021\/08\/IMG_4551-768x512.jpg 768w\" sizes=\"(max-width: 1500px) 100vw, 1500px\" \/><div class=\"wp-block-cover__inner-container\">\n<h1 class=\"wp-block-heading has-text-align-center has-background-color has-text-color\" style=\"font-size:65px;font-style:normal;font-weight:300\">Sabemos de la importancia de la Salud en la Aviaci\u00f3n<\/h1>\n<\/div><\/div>\n\n\n\n<div style=\"height:59px\" aria-hidden=\"true\" class=\"wp-block-spacer\"><\/div>\n\n\n\n<div class=\"wp-block-columns alignwide are-vertically-aligned-top is-layout-flex wp-container-5\">\n<div class=\"wp-block-column is-vertically-aligned-top is-layout-flow\">\n<figure class=\"wp-block-image aligncenter size-full is-resized\"><img decoding=\"async\" loading=\"lazy\" src=\"https:\/\/aeromedicina.ar\/wp-content\/uploads\/2022\/09\/pilot.png\" alt=\"\" class=\"wp-image-210\" width=\"117\" height=\"117\" srcset=\"https:\/\/aeromedicina.ar\/wp-content\/uploads\/2022\/09\/pilot.png 512w, https:\/\/aeromedicina.ar\/wp-content\/uploads\/2022\/09\/pilot-300x300.png 300w, https:\/\/aeromedicina.ar\/wp-content\/uploads\/2022\/09\/pilot-150x150.png 150w\" sizes=\"(max-width: 117px) 100vw, 117px\" \/><\/figure>\n\n\n\n<h3 class=\"wp-block-heading has-text-align-center has-medium-font-size\" style=\"font-style:normal;font-weight:600\">Pilotos y Personal de Abordo<\/h3>\n\n\n\n<p>La prevenci\u00f3n y detecci\u00f3n de las enfermedades por vuelos continuos, falta de alimentaci\u00f3n sana, descansos deficientes y otras causas que afectan al personal de vuelo <\/p>\n<\/div>\n\n\n\n<div class=\"wp-block-column is-vertically-aligned-top is-layout-flow\">\n<figure class=\"wp-block-image aligncenter size-full is-resized is-style-rounded\"><img decoding=\"async\" loading=\"lazy\" src=\"https:\/\/aeromedicina.ar\/wp-content\/uploads\/2022\/09\/avatar-paracaidista.jpg\" alt=\"\" class=\"wp-image-211\" width=\"119\" height=\"119\" srcset=\"https:\/\/aeromedicina.ar\/wp-content\/uploads\/2022\/09\/avatar-paracaidista.jpg 416w, https:\/\/aeromedicina.ar\/wp-content\/uploads\/2022\/09\/avatar-paracaidista-300x300.jpg 300w, https:\/\/aeromedicina.ar\/wp-content\/uploads\/2022\/09\/avatar-paracaidista-150x150.jpg 150w\" sizes=\"(max-width: 119px) 100vw, 119px\" \/><\/figure>\n\n\n\n<h3 class=\"wp-block-heading has-text-align-center has-medium-font-size\" style=\"font-style:normal;font-weight:600\">Paracaidistas deportivos<\/h3>\n\n\n\n<p>El cuidado de la salud es fundamental para lograr una buena performance en esta disciplina deportiva<\/p>\n<\/div>\n\n\n\n<div class=\"wp-block-column is-vertically-aligned-top is-layout-flow\">\n<figure class=\"wp-block-image aligncenter size-full is-resized is-style-rounded\"><img decoding=\"async\" loading=\"lazy\" src=\"https:\/\/aeromedicina.ar\/wp-content\/uploads\/2022\/09\/mecanico-avion.jpg\" alt=\"\" class=\"wp-image-212\" width=\"177\" height=\"117\" srcset=\"https:\/\/aeromedicina.ar\/wp-content\/uploads\/2022\/09\/mecanico-avion.jpg 612w, https:\/\/aeromedicina.ar\/wp-content\/uploads\/2022\/09\/mecanico-avion-300x200.jpg 300w\" sizes=\"(max-width: 177px) 100vw, 177px\" \/><\/figure>\n\n\n\n<h3 class=\"wp-block-heading has-text-align-center has-medium-font-size\" style=\"font-style:normal;font-weight:600\">Mec\u00e1nicos Aeron\u00e1uticos<\/h3>\n\n\n\n<p>El cumplimiento de las resoluciones dispuestas por las autoridades aeron\u00e1uticas para lograr los m\u00e1s altos par\u00e1metros de seguridad aeroportuarias<\/p>\n<\/div>\n\n\n\n<div class=\"wp-block-column is-vertically-aligned-top is-layout-flow\">\n<figure class=\"wp-block-image aligncenter size-full is-resized is-style-rounded\"><img decoding=\"async\" loading=\"lazy\" src=\"https:\/\/aeromedicina.ar\/wp-content\/uploads\/2022\/09\/manejo-drone.png\" alt=\"\" class=\"wp-image-220\" width=\"149\" height=\"119\" srcset=\"https:\/\/aeromedicina.ar\/wp-content\/uploads\/2022\/09\/manejo-drone.png 690w, https:\/\/aeromedicina.ar\/wp-content\/uploads\/2022\/09\/manejo-drone-300x240.png 300w\" sizes=\"(max-width: 149px) 100vw, 149px\" \/><\/figure>\n\n\n\n<h3 class=\"wp-block-heading has-text-align-center has-medium-font-size\" style=\"font-style:normal;font-weight:600\">Manejo de drones<\/h3>\n\n\n\n<p>El cumplimiento de las resoluciones dispuestas por las autoridades aeron\u00e1uticas para lograr los m\u00e1s altos par\u00e1metros de seguridad aeroportuarias<\/p>\n<\/div>\n<\/div>\n\n\n\n<div style=\"height:100px\" aria-hidden=\"true\" class=\"wp-block-spacer\"><\/div>\n","protected":false},"excerpt":{"rendered":"<p>\u00abConfiar en nuestro equipo de expertos en medicina aeron\u00e1utica, es mantener tu certificaci\u00f3n sin riesgos. Descubre un consultorio que entiende las necesidades \u00fanicas de los profesionales de la aviaci\u00f3n.\u00bb Pilotos y Personal de Abordo La prevenci\u00f3n y detecci\u00f3n de las enfermedades por vuelos continuos, falta de alimentaci\u00f3n sana, descansos deficientes y otras causas que afectan [&hellip;]<\/p>\n","protected":false},"author":1,"featured_media":0,"parent":0,"menu_order":0,"comment_status":"closed","ping_status":"closed","template":"","meta":{"om_disable_all_campaigns":false,"_mi_skip_tracking":false},"_links":{"self":[{"href":"https:\/\/aeromedicina.ar\/index.php\/wp-json\/wp\/v2\/pages\/5"}],"collection":[{"href":"https:\/\/aeromedicina.ar\/index.php\/wp-json\/wp\/v2\/pages"}],"about":[{"href":"https:\/\/aeromedicina.ar\/index.php\/wp-json\/wp\/v2\/types\/page"}],"author":[{"embeddable":true,"href":"https:\/\/aeromedicina.ar\/index.php\/wp-json\/wp\/v2\/users\/1"}],"replies":[{"embeddable":true,"href":"https:\/\/aeromedicina.ar\/index.php\/wp-json\/wp\/v2\/comments?post=5"}],"version-history":[{"count":48,"href":"https:\/\/aeromedicina.ar\/index.php\/wp-json\/wp\/v2\/pages\/5\/revisions"}],"predecessor-version":[{"id":253,"href":"https:\/\/aeromedicina.ar\/index.php\/wp-json\/wp\/v2\/pages\/5\/revisions\/253"}],"wp:attachment":[{"href":"https:\/\/aeromedicina.ar\/index.php\/wp-json\/wp\/v2\/media?parent=5"}],"curies":[{"name":"wp","href":"https:\/\/api.w.org\/{rel}","templated":true}]}}